{"id":11,"date":"2024-08-07T22:44:14","date_gmt":"2024-08-07T22:44:14","guid":{"rendered":"https:\/\/woelbstruktur.de\/?page_id=11"},"modified":"2026-01-19T16:56:29","modified_gmt":"2026-01-19T15:56:29","slug":"startseite","status":"publish","type":"page","link":"https:\/\/woelbstruktur.de\/en\/","title":{"rendered":"Home page"},"content":{"rendered":"","protected":false},"excerpt":{"rendered":"","protected":false},"author":1,"featured_media":0,"parent":0,"menu_order":0,"comment_status":"closed","ping_status":"closed","template":"","meta":{"_seopress_robots_primary_cat":"","_seopress_titles_title":"Bionische W\u00f6lbstrukturen f\u00fcr eine nachhaltige Zukunft","_seopress_titles_desc":"Wir bieten Technologien auf Basis der bionischen W\u00f6lbstrukturierung. Entdecken Sie die Vorteile einer grundlegend anderen Umformungstechnik.","_seopress_robots_index":"","footnotes":""},"class_list":["post-11","page","type-page","status-publish","hentry"],"meta_box":[],"_links":{"self":[{"href":"https:\/\/woelbstruktur.de\/en\/wp-json\/wp\/v2\/pages\/11","targetHints":{"allow":["GET"]}}],"collection":[{"href":"https:\/\/woelbstruktur.de\/en\/wp-json\/wp\/v2\/pages"}],"about":[{"href":"https:\/\/woelbstruktur.de\/en\/wp-json\/wp\/v2\/types\/page"}],"author":[{"embeddable":true,"href":"https:\/\/woelbstruktur.de\/en\/wp-json\/wp\/v2\/users\/1"}],"replies":[{"embeddable":true,"href":"https:\/\/woelbstruktur.de\/en\/wp-json\/wp\/v2\/comments?post=11"}],"version-history":[{"count":100,"href":"https:\/\/woelbstruktur.de\/en\/wp-json\/wp\/v2\/pages\/11\/revisions"}],"predecessor-version":[{"id":484,"href":"https:\/\/woelbstruktur.de\/en\/wp-json\/wp\/v2\/pages\/11\/revisions\/484"}],"wp:attachment":[{"href":"https:\/\/woelbstruktur.de\/en\/wp-json\/wp\/v2\/media?parent=11"}],"curies":[{"name":"wp","href":"https:\/\/api.w.org\/{rel}","templated":true}]}}